{"id":7,"date":"2020-07-01T10:57:06","date_gmt":"2020-07-01T10:57:06","guid":{"rendered":"https:\/\/factoryservice.ee\/?page_id=7"},"modified":"2020-07-01T13:16:16","modified_gmt":"2020-07-01T13:16:16","slug":"meist","status":"publish","type":"page","link":"https:\/\/factoryservice.ee\/en\/","title":{"rendered":"Meist"},"content":{"rendered":"\n<p>Esitame ettev\u00f5te Factory Service O\u00dc suurte kogemusega oma valdkonnas,&nbsp; mille tegevusalaks on t\u00f6\u00f6stusautomaatika paigaldus, hooldus ja remont.<\/p>\n\n\n\n<p><\/p>\n\n\n\n<p>Lahendused ja teenused<\/p>\n\n\n\n<ul class=\"wp-block-list\"><li>Loogikakontrollerite programmeerimine, uuendus,vahetus (PLC programmeerimine Omron);<\/li><li>Operaatori paneelidega lahendused;<\/li><li>&nbsp;Sagedusmuundurite hooldus,remont v\u00f5i vahetus;<\/li><li>K\u00fctte, ventilatsiooni ja \u00f5hukonditsioneerimise protsesside automaatikalahendused;<\/li><li>Jooniste digitaliseerimine;<\/li><li>Olemasolevate automaatikas\u00fcsteemide hooldus, renoveerimine ja laiendamine;<\/li><li>Projektijuhtimine ja paigaldus.<\/li><\/ul>\n","protected":false},"excerpt":{"rendered":"<p>Esitame ettev\u00f5te Factory Service O\u00dc suurte kogemusega oma valdkonnas,&nbsp; mille tegevusalaks on t\u00f6\u00f6stusautomaatika paigaldus, hooldus ja remont. Lahendused ja teenused Loogikakontrollerite programmeerimine, uuendus,vahetus (PLC programmeerimine Omron); Operaatori paneelidega lahendused; &nbsp;Sagedusmuundurite hooldus,remont v\u00f5i vahetus; K\u00fctte, ventilatsiooni ja \u00f5hukonditsioneerimise protsesside automaatikalahendused; Jooniste digitaliseerimine; Olemasolevate automaatikas\u00fcsteemide hooldus, renoveerimine ja laiendamine; Projektijuhtimine ja paigaldus.<\/p>\n","protected":false},"author":1,"featured_media":0,"parent":0,"menu_order":0,"comment_status":"closed","ping_status":"closed","template":"","meta":{"footnotes":""},"class_list":["post-7","page","type-page","status-publish","hentry"],"_links":{"self":[{"href":"https:\/\/factoryservice.ee\/en\/wp-json\/wp\/v2\/pages\/7","targetHints":{"allow":["GET"]}}],"collection":[{"href":"https:\/\/factoryservice.ee\/en\/wp-json\/wp\/v2\/pages"}],"about":[{"href":"https:\/\/factoryservice.ee\/en\/wp-json\/wp\/v2\/types\/page"}],"author":[{"embeddable":true,"href":"https:\/\/factoryservice.ee\/en\/wp-json\/wp\/v2\/users\/1"}],"replies":[{"embeddable":true,"href":"https:\/\/factoryservice.ee\/en\/wp-json\/wp\/v2\/comments?post=7"}],"version-history":[{"count":5,"href":"https:\/\/factoryservice.ee\/en\/wp-json\/wp\/v2\/pages\/7\/revisions"}],"predecessor-version":[{"id":63,"href":"https:\/\/factoryservice.ee\/en\/wp-json\/wp\/v2\/pages\/7\/revisions\/63"}],"wp:attachment":[{"href":"https:\/\/factoryservice.ee\/en\/wp-json\/wp\/v2\/media?parent=7"}],"curies":[{"name":"wp","href":"https:\/\/api.w.org\/{rel}","templated":true}]}}